{"id":92,"date":"2022-10-26T07:32:39","date_gmt":"2022-10-26T07:32:39","guid":{"rendered":"https:\/\/ozoneplus.hr\/?page_id=92"},"modified":"2023-05-12T07:00:32","modified_gmt":"2023-05-12T07:00:32","slug":"about","status":"publish","type":"page","link":"https:\/\/ozoneplus.hr\/hr\/about\/","title":{"rendered":"O nama"},"content":{"rendered":"<div data-elementor-type=\"wp-page\" data-elementor-id=\"92\" class=\"elementor elementor-92\" data-elementor-post-type=\"page\">\n\t\t\t\t\t\t<section class=\"has_ae_slider elementor-section elementor-top-section elementor-element elementor-element-57e69546 elementor-section-full_width elementor-section-height-default elementor-section-height-default ae-bg-gallery-type-default\" data-id=\"57e69546\" data-element_type=\"section\">\n\t\t\t\t\t\t<div class=\"elementor-container elementor-column-gap-no\">\n\t\t\t\t\t<div class=\"has_ae_slider elementor-column elementor-col-100 elementor-top-column elementor-element elementor-element-647db999 ae-bg-gallery-type-default\" data-id=\"647db999\" data-element_type=\"column\">\n\t\t\t<div class=\"elementor-widget-wrap elementor-element-populated\">\n\t\t\t\t\t\t<div class=\"elementor-element elementor-element-75996bfd elementor-widget elementor-widget-spacer\" data-id=\"75996bfd\" data-element_type=\"widget\" data-widget_type=\"spacer.default\">\n\t\t\t\t<div class=\"elementor-widget-container\">\n\t\t\t\t\t\t\t<div class=\"elementor-spacer\">\n\t\t\t<div class=\"elementor-spacer-inner\"><\/div>\n\t\t<\/div>\n\t\t\t\t\t\t<\/div>\n\t\t\t\t<\/div>\n\t\t\t\t\t<\/div>\n\t\t<\/div>\n\t\t\t\t\t<\/div>\n\t\t<\/section>\n\t\t\t\t<section class=\"has_ae_slider elementor-section elementor-top-section elementor-element elementor-element-5a3170d3 elementor-section-boxed elementor-section-height-default elementor-section-height-default ae-bg-gallery-type-default\" data-id=\"5a3170d3\" data-element_type=\"section\">\n\t\t\t\t\t\t<div class=\"elementor-container elementor-column-gap-no\">\n\t\t\t\t\t<div class=\"has_ae_slider elementor-column elementor-col-100 elementor-top-column elementor-element elementor-element-76663d73 ae-bg-gallery-type-default\" data-id=\"76663d73\" data-element_type=\"column\">\n\t\t\t<div class=\"elementor-widget-wrap elementor-element-populated\">\n\t\t\t\t\t\t<section class=\"has_ae_slider elementor-section elementor-inner-section elementor-element elementor-element-3d99e3ff elementor-section-full_width elementor-section-height-default elementor-section-height-default ae-bg-gallery-type-default\" data-id=\"3d99e3ff\" data-element_type=\"section\">\n\t\t\t\t\t\t<div class=\"elementor-container elementor-column-gap-default\">\n\t\t\t\t\t<div class=\"has_ae_slider elementor-column elementor-col-50 elementor-inner-column elementor-element elementor-element-69890b3e ae-bg-gallery-type-default\" data-id=\"69890b3e\" data-element_type=\"column\">\n\t\t\t<div class=\"elementor-widget-wrap elementor-element-populated\">\n\t\t\t\t\t\t<div class=\"elementor-element elementor-element-f7814ba elementor-widget elementor-widget-heading\" data-id=\"f7814ba\" data-element_type=\"widget\" data-widget_type=\"heading.default\">\n\t\t\t\t<div class=\"elementor-widget-container\">\n\t\t\t\t\t<h2 class=\"elementor-heading-title elementor-size-default\">O nama<\/h2>\t\t\t\t<\/div>\n\t\t\t\t<\/div>\n\t\t\t\t\t<\/div>\n\t\t<\/div>\n\t\t\t\t<div class=\"has_ae_slider elementor-column elementor-col-50 elementor-inner-column elementor-element elementor-element-498083a ae-bg-gallery-type-default\" data-id=\"498083a\" data-element_type=\"column\">\n\t\t\t<div class=\"elementor-widget-wrap\">\n\t\t\t\t\t\t\t<\/div>\n\t\t<\/div>\n\t\t\t\t\t<\/div>\n\t\t<\/section>\n\t\t\t\t\t<\/div>\n\t\t<\/div>\n\t\t\t\t\t<\/div>\n\t\t<\/section>\n\t\t\t\t<section class=\"has_ae_slider elementor-section elementor-top-section elementor-element elementor-element-1708dc50 elementor-section-full_width elementor-reverse-mobile elementor-reverse-tablet elementor-section-height-default elementor-section-height-default ae-bg-gallery-type-default\" data-id=\"1708dc50\" data-element_type=\"section\">\n\t\t\t\t\t\t<div class=\"elementor-container elementor-column-gap-no\">\n\t\t\t\t\t<div class=\"has_ae_slider elementor-column elementor-col-50 elementor-top-column elementor-element elementor-element-b3acbed ae-bg-gallery-type-default\" data-id=\"b3acbed\" data-element_type=\"column\" data-settings=\"{&quot;background_background&quot;:&quot;classic&quot;}\">\n\t\t\t<div class=\"elementor-widget-wrap elementor-element-populated\">\n\t\t\t\t\t\t<div class=\"elementor-element elementor-element-23642c1 elementor-widget elementor-widget-heading\" data-id=\"23642c1\" data-element_type=\"widget\" data-widget_type=\"heading.default\">\n\t\t\t\t<div class=\"elementor-widget-container\">\n\t\t\t\t\t<h2 class=\"elementor-heading-title elementor-size-default\">LIGHTING IS OUR BUSINESS <\/h2>\t\t\t\t<\/div>\n\t\t\t\t<\/div>\n\t\t\t\t<section class=\"has_ae_slider elementor-section elementor-inner-section elementor-element elementor-element-32de4df elementor-section-full_width elementor-section-height-default elementor-section-height-default ae-bg-gallery-type-default\" data-id=\"32de4df\" data-element_type=\"section\">\n\t\t\t\t\t\t<div class=\"elementor-container elementor-column-gap-no\">\n\t\t\t\t\t<div class=\"has_ae_slider elementor-column elementor-col-100 elementor-inner-column elementor-element elementor-element-7c75994 ae-bg-gallery-type-default\" data-id=\"7c75994\" data-element_type=\"column\">\n\t\t\t<div class=\"elementor-widget-wrap elementor-element-populated\">\n\t\t\t\t\t\t<div class=\"elementor-element elementor-element-011880a elementor-widget elementor-widget-text-editor\" data-id=\"011880a\" data-element_type=\"widget\" data-widget_type=\"text-editor.default\">\n\t\t\t\t<div class=\"elementor-widget-container\">\n\t\t\t\t\t\t\t\t\t<p>Rasvjeta je ono \u0161to smo dobro nau\u010dili raditi.<\/p><p>Iako tvrtka OZONE PLUS postoji od 2004. godine, ve\u0107i dio na\u0161eg tima ima iskustvo ve\u0107e od 25 godina. Svjedo\u010dili smo nastajanju standarda u rasvjeti, LED revoluciji, ra\u0111anju i umiranju mnogih renomiranih proizvo\u0111a\u010da;  i jo\u0161 smo tu - sa Vama i za Vas.<\/p>\t\t\t\t\t\t\t\t<\/div>\n\t\t\t\t<\/div>\n\t\t\t\t\t<\/div>\n\t\t<\/div>\n\t\t\t\t\t<\/div>\n\t\t<\/section>\n\t\t\t\t\t<\/div>\n\t\t<\/div>\n\t\t\t\t<div class=\"has_ae_slider elementor-column elementor-col-50 elementor-top-column elementor-element elementor-element-ea79091 ae-bg-gallery-type-default\" data-id=\"ea79091\" data-element_type=\"column\" data-settings=\"{&quot;background_background&quot;:&quot;classic&quot;}\">\n\t\t\t<div class=\"elementor-widget-wrap elementor-element-populated\">\n\t\t\t\t\t\t<div class=\"elementor-element elementor-element-e6428b6 elementor-widget elementor-widget-image\" data-id=\"e6428b6\" data-element_type=\"widget\" data-widget_type=\"image.default\">\n\t\t\t\t<div class=\"elementor-widget-container\">\n\t\t\t\t\t\t\t\t\t\t\t\t\t\t\t<img fetchpriority=\"high\" decoding=\"async\" width=\"2500\" height=\"1666\" src=\"https:\/\/ozoneplus.hr\/wp-content\/uploads\/2022\/10\/DSC_7200.jpg\" class=\"attachment-full size-full wp-image-185\" alt=\"Making of lighting project\" srcset=\"https:\/\/ozoneplus.hr\/wp-content\/uploads\/2022\/10\/DSC_7200.jpg 2500w, https:\/\/ozoneplus.hr\/wp-content\/uploads\/2022\/10\/DSC_7200-300x200.jpg 300w, https:\/\/ozoneplus.hr\/wp-content\/uploads\/2022\/10\/DSC_7200-1024x682.jpg 1024w, https:\/\/ozoneplus.hr\/wp-content\/uploads\/2022\/10\/DSC_7200-768x512.jpg 768w, https:\/\/ozoneplus.hr\/wp-content\/uploads\/2022\/10\/DSC_7200-1536x1024.jpg 1536w, https:\/\/ozoneplus.hr\/wp-content\/uploads\/2022\/10\/DSC_7200-2048x1365.jpg 2048w\" sizes=\"(max-width: 2500px) 100vw, 2500px\" \/>\t\t\t\t\t\t\t\t\t\t\t\t\t\t\t<\/div>\n\t\t\t\t<\/div>\n\t\t\t\t\t<\/div>\n\t\t<\/div>\n\t\t\t\t\t<\/div>\n\t\t<\/section>\n\t\t\t\t<section class=\"has_ae_slider elementor-section elementor-top-section elementor-element elementor-element-2d8ddfe4 elementor-section-boxed elementor-section-height-default elementor-section-height-default ae-bg-gallery-type-default\" data-id=\"2d8ddfe4\" data-element_type=\"section\">\n\t\t\t\t\t\t<div class=\"elementor-container elementor-column-gap-no\">\n\t\t\t\t\t<div class=\"has_ae_slider elementor-column elementor-col-50 elementor-top-column elementor-element elementor-element-3e8537fd ae-bg-gallery-type-default\" data-id=\"3e8537fd\" data-element_type=\"column\">\n\t\t\t<div class=\"elementor-widget-wrap elementor-element-populated\">\n\t\t\t\t\t\t<div class=\"elementor-element elementor-element-6664c9d elementor-widget elementor-widget-text-editor\" data-id=\"6664c9d\" data-element_type=\"widget\" data-widget_type=\"text-editor.default\">\n\t\t\t\t<div class=\"elementor-widget-container\">\n\t\t\t\t\t\t\t\t\t<p>Trudimo se biti u korak s vremenom pa tako nudimo rasvjetu koja prati ili postavlja nove trendove na tr\u017ei\u0161tu. Na\u0161 tim \u0107e rado ponuditi cjelovito rje\u0161enje: od idejnog projekta, podr\u0161ke projektnim timovima pa do konkurentne ponude i realizacije dobave rasvjetnih tijela i prate\u0107e opreme.<\/p>\t\t\t\t\t\t\t\t<\/div>\n\t\t\t\t<\/div>\n\t\t\t\t\t<\/div>\n\t\t<\/div>\n\t\t\t\t<div class=\"has_ae_slider elementor-column elementor-col-50 elementor-top-column elementor-element elementor-element-aef2ac3 ae-bg-gallery-type-default\" data-id=\"aef2ac3\" data-element_type=\"column\">\n\t\t\t<div class=\"elementor-widget-wrap\">\n\t\t\t\t\t\t\t<\/div>\n\t\t<\/div>\n\t\t\t\t\t<\/div>\n\t\t<\/section>\n\t\t\t\t<section class=\"has_ae_slider elementor-section elementor-top-section elementor-element elementor-element-3435682 elementor-section-boxed elementor-section-height-default elementor-section-height-default ae-bg-gallery-type-default\" data-id=\"3435682\" data-element_type=\"section\">\n\t\t\t\t\t\t<div class=\"elementor-container elementor-column-gap-no\">\n\t\t\t\t\t<div class=\"has_ae_slider elementor-column elementor-col-50 elementor-top-column elementor-element elementor-element-d5bfce9 ae-bg-gallery-type-default\" data-id=\"d5bfce9\" data-element_type=\"column\">\n\t\t\t<div class=\"elementor-widget-wrap elementor-element-populated\">\n\t\t\t\t\t\t<div class=\"elementor-element elementor-element-3bca32c elementor-widget elementor-widget-text-editor\" data-id=\"3bca32c\" data-element_type=\"widget\" data-widget_type=\"text-editor.default\">\n\t\t\t\t<div class=\"elementor-widget-container\">\n\t\t\t\t\t\t\t\t\t<p>Imamo urede i showroome u Zagrebu i Vara\u017edinu, a na\u0161i klijenti su iz cijele Hrvatske ali sve vi\u0161e i iz Europske unije.<\/p><p>Iako radimo sa svim vrstama i oblicima rasvjetnih tijela istaknuli bismo ipak kako smo se dokazali kao posebno dobar partner u projetima rasvjete hotela, poslovnih i javnih gra\u0111evina, energetskim obnovama te privatnim rezidencijama.<\/p><p>Na skladi\u0161tu imamo preko 20.000 artikala spremnih za promptnu isporuku.<\/p>\t\t\t\t\t\t\t\t<\/div>\n\t\t\t\t<\/div>\n\t\t\t\t\t<\/div>\n\t\t<\/div>\n\t\t\t\t<div class=\"has_ae_slider elementor-column elementor-col-50 elementor-top-column elementor-element elementor-element-4150bb0 ae-bg-gallery-type-default\" data-id=\"4150bb0\" data-element_type=\"column\">\n\t\t\t<div class=\"elementor-widget-wrap elementor-element-populated\">\n\t\t\t\t\t\t<div class=\"elementor-element elementor-element-ec23f6f elementor-widget elementor-widget-heading\" data-id=\"ec23f6f\" data-element_type=\"widget\" data-widget_type=\"heading.default\">\n\t\t\t\t<div class=\"elementor-widget-container\">\n\t\t\t\t\t<h2 class=\"elementor-heading-title elementor-size-default\">PROIZVODNJA U HRVATSKOJ <\/h2>\t\t\t\t<\/div>\n\t\t\t\t<\/div>\n\t\t\t\t<div class=\"elementor-element elementor-element-1e40c12 elementor-widget elementor-widget-text-editor\" data-id=\"1e40c12\" data-element_type=\"widget\" data-widget_type=\"text-editor.default\">\n\t\t\t\t<div class=\"elementor-widget-container\">\n\t\t\t\t\t\t\t\t\t<p class=\" translation-block\">Volimo sami proizvoditi pa smo razvili cijelu paletu vlastitih proizvoda koje proizvodimo s na\u0161im partnerima u Hrvatskoj. Osobito smo ponosni na na\u0161e \u201ccustom made\u201d proizvode a koje smo proizveli na zahtjev arhitekata ili investitora.<\/p>\t\t\t\t\t\t\t\t<\/div>\n\t\t\t\t<\/div>\n\t\t\t\t\t<\/div>\n\t\t<\/div>\n\t\t\t\t\t<\/div>\n\t\t<\/section>\n\t\t\t\t<section class=\"has_ae_slider elementor-section elementor-top-section elementor-element elementor-element-ce7738c elementor-section-boxed elementor-section-height-default elementor-section-height-default ae-bg-gallery-type-default\" data-id=\"ce7738c\" data-element_type=\"section\">\n\t\t\t\t\t\t<div class=\"elementor-container elementor-column-gap-no\">\n\t\t\t\t\t<div class=\"has_ae_slider elementor-column elementor-col-100 elementor-top-column elementor-element elementor-element-2d906a3 ae-bg-gallery-type-default\" data-id=\"2d906a3\" data-element_type=\"column\">\n\t\t\t<div class=\"elementor-widget-wrap elementor-element-populated\">\n\t\t\t\t\t\t<div class=\"elementor-element elementor-element-bed3060 elementor-widget elementor-widget-image\" data-id=\"bed3060\" data-element_type=\"widget\" data-widget_type=\"image.default\">\n\t\t\t\t<div class=\"elementor-widget-container\">\n\t\t\t\t\t\t\t\t\t\t\t\t\t\t\t<img decoding=\"async\" width=\"2500\" height=\"1666\" src=\"https:\/\/ozoneplus.hr\/wp-content\/uploads\/2022\/10\/DSC_7296.jpg\" class=\"attachment-full size-full wp-image-203\" alt=\"\" srcset=\"https:\/\/ozoneplus.hr\/wp-content\/uploads\/2022\/10\/DSC_7296.jpg 2500w, https:\/\/ozoneplus.hr\/wp-content\/uploads\/2022\/10\/DSC_7296-300x200.jpg 300w, https:\/\/ozoneplus.hr\/wp-content\/uploads\/2022\/10\/DSC_7296-1024x682.jpg 1024w, https:\/\/ozoneplus.hr\/wp-content\/uploads\/2022\/10\/DSC_7296-768x512.jpg 768w, https:\/\/ozoneplus.hr\/wp-content\/uploads\/2022\/10\/DSC_7296-1536x1024.jpg 1536w, https:\/\/ozoneplus.hr\/wp-content\/uploads\/2022\/10\/DSC_7296-2048x1365.jpg 2048w\" sizes=\"(max-width: 2500px) 100vw, 2500px\" \/>\t\t\t\t\t\t\t\t\t\t\t\t\t\t\t<\/div>\n\t\t\t\t<\/div>\n\t\t\t\t<div class=\"elementor-element elementor-element-3a686a9 elementor-widget-divider--view-line elementor-widget elementor-widget-divider\" data-id=\"3a686a9\" data-element_type=\"widget\" data-widget_type=\"divider.default\">\n\t\t\t\t<div class=\"elementor-widget-container\">\n\t\t\t\t\t\t\t<div class=\"elementor-divider\">\n\t\t\t<span class=\"elementor-divider-separator\">\n\t\t\t\t\t\t<\/span>\n\t\t<\/div>\n\t\t\t\t\t\t<\/div>\n\t\t\t\t<\/div>\n\t\t\t\t<section class=\"has_ae_slider elementor-section elementor-inner-section elementor-element elementor-element-477fe12 elementor-section-full_width elementor-section-height-default elementor-section-height-default ae-bg-gallery-type-default\" data-id=\"477fe12\" data-element_type=\"section\">\n\t\t\t\t\t\t<div class=\"elementor-container elementor-column-gap-default\">\n\t\t\t\t\t<div class=\"has_ae_slider elementor-column elementor-col-50 elementor-inner-column elementor-element elementor-element-4bc6544 ae-bg-gallery-type-default\" data-id=\"4bc6544\" data-element_type=\"column\">\n\t\t\t<div class=\"elementor-widget-wrap elementor-element-populated\">\n\t\t\t\t\t\t<div class=\"elementor-element elementor-element-8c2318a elementor-widget elementor-widget-heading\" data-id=\"8c2318a\" data-element_type=\"widget\" data-widget_type=\"heading.default\">\n\t\t\t\t<div class=\"elementor-widget-container\">\n\t\t\t\t\t<h2 class=\"elementor-heading-title elementor-size-default\">VALUE FOR MONEY<\/h2>\t\t\t\t<\/div>\n\t\t\t\t<\/div>\n\t\t\t\t\t<\/div>\n\t\t<\/div>\n\t\t\t\t<div class=\"has_ae_slider elementor-column elementor-col-50 elementor-inner-column elementor-element elementor-element-857a339 ae-bg-gallery-type-default\" data-id=\"857a339\" data-element_type=\"column\">\n\t\t\t<div class=\"elementor-widget-wrap elementor-element-populated\">\n\t\t\t\t\t\t<div class=\"elementor-element elementor-element-302e072 elementor-widget elementor-widget-text-editor\" data-id=\"302e072\" data-element_type=\"widget\" data-widget_type=\"text-editor.default\">\n\t\t\t\t<div class=\"elementor-widget-container\">\n\t\t\t\t\t\t\t\t\tVrijednost za novac - princip koji je uvijek prisutan u na\u0161im projektima.\t\t\t\t\t\t\t\t<\/div>\n\t\t\t\t<\/div>\n\t\t\t\t\t<\/div>\n\t\t<\/div>\n\t\t\t\t\t<\/div>\n\t\t<\/section>\n\t\t\t\t\t<\/div>\n\t\t<\/div>\n\t\t\t\t\t<\/div>\n\t\t<\/section>\n\t\t\t\t<\/div>","protected":false},"excerpt":{"rendered":"<p>About us LIGHTING IS OUR BUSINESS We know well how to handle a lighting project. Since 2004 OZONE PLUS is delivering excellence in lighting for our clients. We witnessed to evolution of lighting standards, establishing and dying of many great lighting companies and yet, we are still here for you, to help you get the [&hellip;]<\/p>","protected":false},"author":1,"featured_media":0,"parent":0,"menu_order":0,"comment_status":"closed","ping_status":"closed","template":"","meta":{"footnotes":""},"class_list":["post-92","page","type-page","status-publish","hentry"],"acf":[],"yoast_head":"<!-- This site is optimized with the Yoast SEO plugin v22.3 - https:\/\/yoast.com\/wordpress\/plugins\/seo\/ -->\n<title>About us - Ozone Plus<\/title>\n<meta name=\"description\" content=\"Since 2004 OZONE PLUS is delivering excellence in lighting for our clients.\" \/>\n<meta name=\"robots\" content=\"index, follow, max-snippet:-1, max-image-preview:large, max-video-preview:-1\" \/>\n<link rel=\"canonical\" href=\"https:\/\/ozoneplus.hr\/hr\/about\/\" \/>\n<meta property=\"og:locale\" content=\"hr_HR\" \/>\n<meta property=\"og:type\" content=\"article\" \/>\n<meta property=\"og:title\" content=\"About us - Ozone Plus\" \/>\n<meta property=\"og:description\" content=\"Since 2004 OZONE PLUS is delivering excellence in lighting for our clients.\" \/>\n<meta property=\"og:url\" content=\"https:\/\/ozoneplus.hr\/hr\/about\/\" \/>\n<meta property=\"og:site_name\" content=\"Ozone Plus\" \/>\n<meta property=\"article:publisher\" content=\"https:\/\/www.facebook.com\/profile.php?id=100066828191267\" \/>\n<meta property=\"article:modified_time\" content=\"2023-05-12T07:00:32+00:00\" \/>\n<meta property=\"og:image\" content=\"https:\/\/ozoneplus.hr\/wp-content\/uploads\/2022\/10\/DSC_7200.jpg\" \/>\n<meta name=\"twitter:card\" content=\"summary_large_image\" \/>\n<meta name=\"twitter:label1\" content=\"Procijenjeno vrijeme \u010ditanja\" \/>\n\t<meta name=\"twitter:data1\" content=\"2 minute\" \/>\n<script type=\"application\/ld+json\" class=\"yoast-schema-graph\">{\"@context\":\"https:\/\/schema.org\",\"@graph\":[{\"@type\":\"WebPage\",\"@id\":\"https:\/\/ozoneplus.hr\/about\/\",\"url\":\"https:\/\/ozoneplus.hr\/about\/\",\"name\":\"About us - Ozone Plus\",\"isPartOf\":{\"@id\":\"https:\/\/ozoneplus.hr\/hr\/#website\"},\"primaryImageOfPage\":{\"@id\":\"https:\/\/ozoneplus.hr\/about\/#primaryimage\"},\"image\":{\"@id\":\"https:\/\/ozoneplus.hr\/about\/#primaryimage\"},\"thumbnailUrl\":\"https:\/\/ozoneplus.hr\/wp-content\/uploads\/2022\/10\/DSC_7200.jpg\",\"datePublished\":\"2022-10-26T07:32:39+00:00\",\"dateModified\":\"2023-05-12T07:00:32+00:00\",\"description\":\"Since 2004 OZONE PLUS is delivering excellence in lighting for our clients.\",\"breadcrumb\":{\"@id\":\"https:\/\/ozoneplus.hr\/about\/#breadcrumb\"},\"inLanguage\":\"hr\",\"potentialAction\":[{\"@type\":\"ReadAction\",\"target\":[\"https:\/\/ozoneplus.hr\/about\/\"]}]},{\"@type\":\"ImageObject\",\"inLanguage\":\"hr\",\"@id\":\"https:\/\/ozoneplus.hr\/about\/#primaryimage\",\"url\":\"https:\/\/ozoneplus.hr\/wp-content\/uploads\/2022\/10\/DSC_7200.jpg\",\"contentUrl\":\"https:\/\/ozoneplus.hr\/wp-content\/uploads\/2022\/10\/DSC_7200.jpg\",\"width\":2500,\"height\":1666,\"caption\":\"Making of lighting project\"},{\"@type\":\"BreadcrumbList\",\"@id\":\"https:\/\/ozoneplus.hr\/about\/#breadcrumb\",\"itemListElement\":[{\"@type\":\"ListItem\",\"position\":1,\"name\":\"Home\",\"item\":\"https:\/\/ozoneplus.hr\/\"},{\"@type\":\"ListItem\",\"position\":2,\"name\":\"About us\"}]},{\"@type\":\"WebSite\",\"@id\":\"https:\/\/ozoneplus.hr\/hr\/#website\",\"url\":\"https:\/\/ozoneplus.hr\/hr\/\",\"name\":\"OZONE PLUS\",\"description\":\"LIGHTING IS OUR BUSINESS\",\"publisher\":{\"@id\":\"https:\/\/ozoneplus.hr\/hr\/#organization\"},\"alternateName\":\"OZONE PLUS\",\"potentialAction\":[{\"@type\":\"SearchAction\",\"target\":{\"@type\":\"EntryPoint\",\"urlTemplate\":\"https:\/\/ozoneplus.hr\/hr\/?s={search_term_string}\"},\"query-input\":\"required name=search_term_string\"}],\"inLanguage\":\"hr\"},{\"@type\":\"Organization\",\"@id\":\"https:\/\/ozoneplus.hr\/hr\/#organization\",\"name\":\"OZONE PLUS\",\"url\":\"https:\/\/ozoneplus.hr\/hr\/\",\"logo\":{\"@type\":\"ImageObject\",\"inLanguage\":\"hr\",\"@id\":\"https:\/\/ozoneplus.hr\/hr\/#\/schema\/logo\/image\/\",\"url\":\"https:\/\/ozoneplus.hr\/wp-content\/uploads\/2022\/10\/OZONEPLUS-LOGO.png\",\"contentUrl\":\"https:\/\/ozoneplus.hr\/wp-content\/uploads\/2022\/10\/OZONEPLUS-LOGO.png\",\"width\":3369,\"height\":583,\"caption\":\"OZONE PLUS\"},\"image\":{\"@id\":\"https:\/\/ozoneplus.hr\/hr\/#\/schema\/logo\/image\/\"},\"sameAs\":[\"https:\/\/www.facebook.com\/profile.php?id=100066828191267\"]}]}<\/script>\n<!-- \/ Yoast SEO plugin. -->","yoast_head_json":{"title":"About us - Ozone Plus","description":"Since 2004 OZONE PLUS is delivering excellence in lighting for our clients.","robots":{"index":"index","follow":"follow","max-snippet":"max-snippet:-1","max-image-preview":"max-image-preview:large","max-video-preview":"max-video-preview:-1"},"canonical":"https:\/\/ozoneplus.hr\/hr\/about\/","og_locale":"hr_HR","og_type":"article","og_title":"About us - Ozone Plus","og_description":"Since 2004 OZONE PLUS is delivering excellence in lighting for our clients.","og_url":"https:\/\/ozoneplus.hr\/hr\/about\/","og_site_name":"Ozone Plus","article_publisher":"https:\/\/www.facebook.com\/profile.php?id=100066828191267","article_modified_time":"2023-05-12T07:00:32+00:00","og_image":[{"url":"https:\/\/ozoneplus.hr\/wp-content\/uploads\/2022\/10\/DSC_7200.jpg"}],"twitter_card":"summary_large_image","twitter_misc":{"Procijenjeno vrijeme \u010ditanja":"2 minute"},"schema":{"@context":"https:\/\/schema.org","@graph":[{"@type":"WebPage","@id":"https:\/\/ozoneplus.hr\/about\/","url":"https:\/\/ozoneplus.hr\/about\/","name":"About us - Ozone Plus","isPartOf":{"@id":"https:\/\/ozoneplus.hr\/hr\/#website"},"primaryImageOfPage":{"@id":"https:\/\/ozoneplus.hr\/about\/#primaryimage"},"image":{"@id":"https:\/\/ozoneplus.hr\/about\/#primaryimage"},"thumbnailUrl":"https:\/\/ozoneplus.hr\/wp-content\/uploads\/2022\/10\/DSC_7200.jpg","datePublished":"2022-10-26T07:32:39+00:00","dateModified":"2023-05-12T07:00:32+00:00","description":"Since 2004 OZONE PLUS is delivering excellence in lighting for our clients.","breadcrumb":{"@id":"https:\/\/ozoneplus.hr\/about\/#breadcrumb"},"inLanguage":"hr","potentialAction":[{"@type":"ReadAction","target":["https:\/\/ozoneplus.hr\/about\/"]}]},{"@type":"ImageObject","inLanguage":"hr","@id":"https:\/\/ozoneplus.hr\/about\/#primaryimage","url":"https:\/\/ozoneplus.hr\/wp-content\/uploads\/2022\/10\/DSC_7200.jpg","contentUrl":"https:\/\/ozoneplus.hr\/wp-content\/uploads\/2022\/10\/DSC_7200.jpg","width":2500,"height":1666,"caption":"Making of lighting project"},{"@type":"BreadcrumbList","@id":"https:\/\/ozoneplus.hr\/about\/#breadcrumb","itemListElement":[{"@type":"ListItem","position":1,"name":"Home","item":"https:\/\/ozoneplus.hr\/"},{"@type":"ListItem","position":2,"name":"About us"}]},{"@type":"WebSite","@id":"https:\/\/ozoneplus.hr\/hr\/#website","url":"https:\/\/ozoneplus.hr\/hr\/","name":"OZONE PLUS","description":"LIGHTING IS OUR BUSINESS","publisher":{"@id":"https:\/\/ozoneplus.hr\/hr\/#organization"},"alternateName":"OZONE PLUS","potentialAction":[{"@type":"SearchAction","target":{"@type":"EntryPoint","urlTemplate":"https:\/\/ozoneplus.hr\/hr\/?s={search_term_string}"},"query-input":"required name=search_term_string"}],"inLanguage":"hr"},{"@type":"Organization","@id":"https:\/\/ozoneplus.hr\/hr\/#organization","name":"OZONE PLUS","url":"https:\/\/ozoneplus.hr\/hr\/","logo":{"@type":"ImageObject","inLanguage":"hr","@id":"https:\/\/ozoneplus.hr\/hr\/#\/schema\/logo\/image\/","url":"https:\/\/ozoneplus.hr\/wp-content\/uploads\/2022\/10\/OZONEPLUS-LOGO.png","contentUrl":"https:\/\/ozoneplus.hr\/wp-content\/uploads\/2022\/10\/OZONEPLUS-LOGO.png","width":3369,"height":583,"caption":"OZONE PLUS"},"image":{"@id":"https:\/\/ozoneplus.hr\/hr\/#\/schema\/logo\/image\/"},"sameAs":["https:\/\/www.facebook.com\/profile.php?id=100066828191267"]}]}},"_links":{"self":[{"href":"https:\/\/ozoneplus.hr\/hr\/wp-json\/wp\/v2\/pages\/92","targetHints":{"allow":["GET"]}}],"collection":[{"href":"https:\/\/ozoneplus.hr\/hr\/wp-json\/wp\/v2\/pages"}],"about":[{"href":"https:\/\/ozoneplus.hr\/hr\/wp-json\/wp\/v2\/types\/page"}],"author":[{"embeddable":true,"href":"https:\/\/ozoneplus.hr\/hr\/wp-json\/wp\/v2\/users\/1"}],"replies":[{"embeddable":true,"href":"https:\/\/ozoneplus.hr\/hr\/wp-json\/wp\/v2\/comments?post=92"}],"version-history":[{"count":71,"href":"https:\/\/ozoneplus.hr\/hr\/wp-json\/wp\/v2\/pages\/92\/revisions"}],"predecessor-version":[{"id":2169,"href":"https:\/\/ozoneplus.hr\/hr\/wp-json\/wp\/v2\/pages\/92\/revisions\/2169"}],"wp:attachment":[{"href":"https:\/\/ozoneplus.hr\/hr\/wp-json\/wp\/v2\/media?parent=92"}],"curies":[{"name":"wp","href":"https:\/\/api.w.org\/{rel}","templated":true}]}}